{"id":5770,"date":"2024-01-14T18:42:00","date_gmt":"2024-01-14T18:42:00","guid":{"rendered":"https:\/\/orlando-usa.com\/?page_id=5770"},"modified":"2025-11-14T20:31:07","modified_gmt":"2025-11-14T23:31:07","slug":"restaurantes-orlando","status":"publish","type":"page","link":"https:\/\/orejotas.com\/yummy\/","title":{"rendered":"Restaurantes Orlando"},"content":{"rendered":"\t\t<div data-elementor-type=\"wp-page\" data-elementor-id=\"5770\" class=\"elementor elementor-5770\" data-elementor-post-type=\"page\">\n\t\t\t\t<div class=\"elementor-element elementor-element-c190a8e e-con-full e-flex e-con e-parent\" data-id=\"c190a8e\" data-element_type=\"container\" data-e-type=\"container\" data-settings=\"{&quot;background_background&quot;:&quot;classic&quot;}\">\n\t\t\t\t<div class=\"elementor-element elementor-element-8d2e90f elementor-widget__width-initial elementor-widget-mobile__width-inherit elementor-widget-tablet__width-initial elementor-widget elementor-widget-heading\" data-id=\"8d2e90f\" data-element_type=\"widget\" data-e-type=\"widget\" data-widget_type=\"heading.default\">\n\t\t\t\t\t<h2 class=\"elementor-heading-title elementor-size-default\">Restaurantes en ORLANDO<\/h2>\t\t\t\t<\/div>\n\t\t\t\t<\/div>\n\t\t<div class=\"elementor-element elementor-element-6b03021 e-con-full e-flex e-con e-parent\" data-id=\"6b03021\" data-element_type=\"container\" data-e-type=\"container\">\n\t\t\t\t<div class=\"elementor-element elementor-element-f14dbe1 elementor-widget__width-inherit elementor-widget-mobile__width-initial elementor-widget elementor-widget-heading\" data-id=\"f14dbe1\" data-element_type=\"widget\" data-e-type=\"widget\" data-widget_type=\"heading.default\">\n\t\t\t\t\t<h2 class=\"elementor-heading-title elementor-size-default\">Informaci\u00f3n detallada de sus locales, ubicaci\u00f3n, men\u00fas con fotos reales y precios<\/h2>\t\t\t\t<\/div>\n\t\t\t\t<div class=\"elementor-element elementor-element-acf7d09 elementor-widget__width-inherit elementor-widget-mobile__width-initial elementor-widget elementor-widget-heading\" data-id=\"acf7d09\" data-element_type=\"widget\" data-e-type=\"widget\" data-widget_type=\"heading.default\">\n\t\t\t\t\t<h2 class=\"elementor-heading-title elementor-size-default\">Disfrutar de la comida es parte importante de nuestras vacaciones<\/h2>\t\t\t\t<\/div>\n\t\t\t\t<div class=\"elementor-element elementor-element-310637d elementor-widget__width-initial elementor-widget elementor-widget-text-editor\" data-id=\"310637d\" data-element_type=\"widget\" data-e-type=\"widget\" data-widget_type=\"text-editor.default\">\n\t\t\t\t\t\t\t\t\t<p>Orlando es uno de los mayores centros tur\u00edsticos del mundo y como tal, las opciones gastron\u00f3micas son much\u00edsimas!<\/p><p>Restaurantes y bares de todo tipo y calidad para todo los gustos y bolsillos est\u00e1n disponibles en toda la ciudad sin importar donde se hospede.<\/p><p>Desde los cl\u00e1sicos Buffets libres (All you can to eat), hasta restaurantes a la carta reconocidos internacionalmente.<\/p><p>Incluso casi todos los hotel (dentro y fuera de los parques) tienen una o mas opciones para ofrecerle y no tener que moverse mucho.<\/p>\t\t\t\t\t\t\t\t<\/div>\n\t\t\t\t<div class=\"elementor-element elementor-element-1400a42 elementor-widget-divider--view-line elementor-widget elementor-widget-divider\" data-id=\"1400a42\" data-element_type=\"widget\" data-e-type=\"widget\" data-widget_type=\"divider.default\">\n\t\t\t\t\t\t\t<div class=\"elementor-divider\">\n\t\t\t<span class=\"elementor-divider-separator\">\n\t\t\t\t\t\t<\/span>\n\t\t<\/div>\n\t\t\t\t\t\t<\/div>\n\t\t\t\t<div class=\"elementor-element elementor-element-c80ebd7 elementor-widget__width-inherit elementor-widget-divider--view-line elementor-widget elementor-widget-divider\" data-id=\"c80ebd7\" data-element_type=\"widget\" data-e-type=\"widget\" data-widget_type=\"divider.default\">\n\t\t\t\t\t\t\t<div class=\"elementor-divider\">\n\t\t\t<span class=\"elementor-divider-separator\">\n\t\t\t\t\t\t<\/span>\n\t\t<\/div>\n\t\t\t\t\t\t<\/div>\n\t\t\t\t<\/div>\n\t\t<div class=\"elementor-element elementor-element-8c1e47f e-con-full e-flex e-con e-parent\" data-id=\"8c1e47f\" data-element_type=\"container\" data-e-type=\"container\">\n\t\t\t\t<div class=\"elementor-element elementor-element-35c9e47 elementor-widget__width-initial elementor-widget-mobile__width-inherit elementor-widget elementor-widget-text-editor\" data-id=\"35c9e47\" data-element_type=\"widget\" data-e-type=\"widget\" data-widget_type=\"text-editor.default\">\n\t\t\t\t\t\t\t\t\t<p>Todas las cadenas de comida r\u00e1pidas y restaurantes estilo familiares (con servicio a la mesa) est\u00e1n presentes y con varias sucursales para elegir seg\u00fan la proximidad.TODAS. Si, incluso algunas que nunca hab\u00eda oido!<\/p><p>Los combos o men\u00fas de estos restaurantes van de los $ 5 a 15, lo que los hace una opci\u00f3n econ\u00f3mica para su estad\u00eda.<\/p>\t\t\t\t\t\t\t\t<\/div>\n\t\t\t\t<div class=\"elementor-element elementor-element-5852b43 elementor-widget__width-initial elementor-widget-mobile__width-initial elementor-widget elementor-widget-image\" data-id=\"5852b43\" data-element_type=\"widget\" data-e-type=\"widget\" data-widget_type=\"image.default\">\n\t\t\t\t\t\t\t\t\t\t\t\t\t\t\t<img fetchpriority=\"high\" decoding=\"async\" width=\"612\" height=\"480\" src=\"https:\/\/orejotas.com\/yummy\/wp-content\/uploads\/sites\/4\/2024\/02\/logos-fastfood2.webp\" class=\"attachment-full size-full wp-image-7617\" alt=\"logos de fast food\" srcset=\"https:\/\/orejotas.com\/yummy\/wp-content\/uploads\/sites\/4\/2024\/02\/logos-fastfood2.webp 612w, https:\/\/orejotas.com\/yummy\/wp-content\/uploads\/sites\/4\/2024\/02\/logos-fastfood2-300x235.webp 300w\" sizes=\"(max-width: 612px) 100vw, 612px\" \/>\t\t\t\t\t\t\t\t\t\t\t\t\t\t\t<\/div>\n\t\t\t\t<\/div>\n\t\t<div class=\"elementor-element elementor-element-07629d5 e-con-full e-flex e-con e-parent\" data-id=\"07629d5\" data-element_type=\"container\" data-e-type=\"container\">\n\t\t\t\t<div class=\"elementor-element elementor-element-1f9432c elementor-widget__width-initial elementor-widget elementor-widget-heading\" data-id=\"1f9432c\" data-element_type=\"widget\" data-e-type=\"widget\" data-widget_type=\"heading.default\">\n\t\t\t\t\t<h2 class=\"elementor-heading-title elementor-size-default\">Recomendaciones x zona<\/h2>\t\t\t\t<\/div>\n\t\t\t\t<\/div>\n\t\t<div class=\"elementor-element elementor-element-8e3dd11 e-con-full e-flex e-con e-parent\" data-id=\"8e3dd11\" data-element_type=\"container\" data-e-type=\"container\">\n\t\t<div class=\"elementor-element elementor-element-1d3fe58 e-con-full e-flex e-con e-child\" data-id=\"1d3fe58\" data-element_type=\"container\" data-e-type=\"container\" data-settings=\"{&quot;background_background&quot;:&quot;classic&quot;}\">\n\t\t\t\t<div class=\"elementor-element elementor-element-8654e19 elementor-widget elementor-widget-image\" data-id=\"8654e19\" data-element_type=\"widget\" data-e-type=\"widget\" data-widget_type=\"image.default\">\n\t\t\t\t\t\t\t\t\t\t\t\t\t\t\t<img decoding=\"async\" width=\"150\" height=\"150\" src=\"https:\/\/orejotas.com\/yummy\/wp-content\/uploads\/sites\/4\/2024\/02\/icono-mickey-150x150.webp\" class=\"attachment-thumbnail size-thumbnail wp-image-7618\" alt=\"icono mickey mouse\" srcset=\"https:\/\/orejotas.com\/yummy\/wp-content\/uploads\/sites\/4\/2024\/02\/icono-mickey-150x150.webp 150w, https:\/\/orejotas.com\/yummy\/wp-content\/uploads\/sites\/4\/2024\/02\/icono-mickey.webp 300w\" sizes=\"(max-width: 150px) 100vw, 150px\" \/>\t\t\t\t\t\t\t\t\t\t\t\t\t\t\t<\/div>\n\t\t\t\t<div class=\"elementor-element elementor-element-513a8d9 elementor-widget elementor-widget-text-editor\" data-id=\"513a8d9\" data-element_type=\"widget\" data-e-type=\"widget\" data-widget_type=\"text-editor.default\">\n\t\t\t\t\t\t\t\t\t<p class=\"vc_custom_heading vc_custom_1640171560004\">Restaurantes dentro de los parques, hoteles y centros de ocio en <b>Disney World<\/b><\/p>\t\t\t\t\t\t\t\t<\/div>\n\t\t\t\t<div class=\"elementor-element elementor-element-2816a1f elementor-widget elementor-widget-heading\" data-id=\"2816a1f\" data-element_type=\"widget\" data-e-type=\"widget\" data-widget_type=\"heading.default\">\n\t\t\t\t\t<h2 class=\"elementor-heading-title elementor-size-default\"><a href=\"https:\/\/orejotas.com\/yummy\/restaurantes-disney-world\/\">Comer dentro de <br>Walt Disney World<\/a><\/h2>\t\t\t\t<\/div>\n\t\t\t\t<\/div>\n\t\t<div class=\"elementor-element elementor-element-c324783 e-con-full e-flex e-con e-child\" data-id=\"c324783\" data-element_type=\"container\" data-e-type=\"container\" data-settings=\"{&quot;background_background&quot;:&quot;classic&quot;}\">\n\t\t\t\t<div class=\"elementor-element elementor-element-fae32f9 elementor-invisible elementor-widget elementor-widget-image\" data-id=\"fae32f9\" data-element_type=\"widget\" data-e-type=\"widget\" data-settings=\"{&quot;_animation&quot;:&quot;fadeInUp&quot;,&quot;_animation_delay&quot;:500}\" data-widget_type=\"image.default\">\n\t\t\t\t\t\t\t\t\t\t\t\t\t\t\t<img decoding=\"async\" width=\"150\" height=\"150\" src=\"https:\/\/orejotas.com\/yummy\/wp-content\/uploads\/sites\/4\/2024\/02\/icono-minion-150x150.webp\" class=\"attachment-thumbnail size-thumbnail wp-image-7619\" alt=\"icono minion\" srcset=\"https:\/\/orejotas.com\/yummy\/wp-content\/uploads\/sites\/4\/2024\/02\/icono-minion-150x150.webp 150w, https:\/\/orejotas.com\/yummy\/wp-content\/uploads\/sites\/4\/2024\/02\/icono-minion.webp 300w\" sizes=\"(max-width: 150px) 100vw, 150px\" \/>\t\t\t\t\t\t\t\t\t\t\t\t\t\t\t<\/div>\n\t\t\t\t<div class=\"elementor-element elementor-element-98d1cb4 elementor-widget elementor-widget-text-editor\" data-id=\"98d1cb4\" data-element_type=\"widget\" data-e-type=\"widget\" data-widget_type=\"text-editor.default\">\n\t\t\t\t\t\t\t\t\t<p class=\"vc_custom_heading vc_custom_1640171607099\">Restaurantes dentro de los parques, hoteles y CityWalk en <b>Universal Orlando<\/b><\/p>\t\t\t\t\t\t\t\t<\/div>\n\t\t\t\t<div class=\"elementor-element elementor-element-6905821 elementor-widget elementor-widget-heading\" data-id=\"6905821\" data-element_type=\"widget\" data-e-type=\"widget\" data-widget_type=\"heading.default\">\n\t\t\t\t\t<h2 class=\"elementor-heading-title elementor-size-default\"><a href=\"https:\/\/orejotas.com\/yummy\/restaurantes-universal-orlando\/\">Comer dentro de <br>Universal Orlando<\/a><\/h2>\t\t\t\t<\/div>\n\t\t\t\t<\/div>\n\t\t<div class=\"elementor-element elementor-element-50800f3 e-con-full e-flex e-con e-child\" data-id=\"50800f3\" data-element_type=\"container\" data-e-type=\"container\" data-settings=\"{&quot;background_background&quot;:&quot;classic&quot;}\">\n\t\t\t\t<div class=\"elementor-element elementor-element-9f6bf38 elementor-invisible elementor-widget elementor-widget-image\" data-id=\"9f6bf38\" data-element_type=\"widget\" data-e-type=\"widget\" data-settings=\"{&quot;_animation&quot;:&quot;fadeInUp&quot;,&quot;_animation_delay&quot;:500}\" data-widget_type=\"image.default\">\n\t\t\t\t\t\t\t\t\t\t\t\t\t\t\t<img loading=\"lazy\" decoding=\"async\" width=\"150\" height=\"150\" src=\"https:\/\/orejotas.com\/yummy\/wp-content\/uploads\/sites\/4\/2024\/02\/iocno-restaurante-150x150.webp\" class=\"attachment-thumbnail size-thumbnail wp-image-7620\" alt=\"icono restaurante\" srcset=\"https:\/\/orejotas.com\/yummy\/wp-content\/uploads\/sites\/4\/2024\/02\/iocno-restaurante-150x150.webp 150w, https:\/\/orejotas.com\/yummy\/wp-content\/uploads\/sites\/4\/2024\/02\/iocno-restaurante.webp 300w\" sizes=\"(max-width: 150px) 100vw, 150px\" \/>\t\t\t\t\t\t\t\t\t\t\t\t\t\t\t<\/div>\n\t\t\t\t<div class=\"elementor-element elementor-element-119c69b elementor-widget elementor-widget-text-editor\" data-id=\"119c69b\" data-element_type=\"widget\" data-e-type=\"widget\" data-widget_type=\"text-editor.default\">\n\t\t\t\t\t\t\t\t\t<p class=\"vc_custom_heading vc_custom_1640171607099\">Restaurantes en I Drive, Kissimmee, Lake Buena Vista y <b>otras Zonas.<\/b><\/p>\t\t\t\t\t\t\t\t<\/div>\n\t\t\t\t<div class=\"elementor-element elementor-element-e5b842d elementor-widget elementor-widget-heading\" data-id=\"e5b842d\" data-element_type=\"widget\" data-e-type=\"widget\" data-widget_type=\"heading.default\">\n\t\t\t\t\t<h2 class=\"elementor-heading-title elementor-size-default\"><a href=\"https:\/\/orejotas.com\/yummy\/comer-fuera-de-los-parques-orlando\/\">Comer fuera de los parques de atracciones<\/a><\/h2>\t\t\t\t<\/div>\n\t\t\t\t<\/div>\n\t\t\t\t<\/div>\n\t\t<div class=\"elementor-element elementor-element-3221370d e-con-full e-flex e-con e-parent\" data-id=\"3221370d\" data-element_type=\"container\" data-e-type=\"container\" data-settings=\"{&quot;background_background&quot;:&quot;classic&quot;}\">\n\t\t\t\t<div class=\"elementor-element elementor-element-5808aebd elementor-widget-mobile__width-inherit elementor-widget elementor-widget-image\" data-id=\"5808aebd\" data-element_type=\"widget\" data-e-type=\"widget\" data-widget_type=\"image.default\">\n\t\t\t\t\t\t\t\t\t\t\t\t\t\t\t<img loading=\"lazy\" decoding=\"async\" width=\"178\" height=\"157\" src=\"https:\/\/orejotas.com\/yummy\/wp-content\/uploads\/sites\/4\/2024\/02\/tirricomoneda.gif\" class=\"attachment-large size-large wp-image-7622\" alt=\"tio rico con moneda\" \/>\t\t\t\t\t\t\t\t\t\t\t\t\t\t\t<\/div>\n\t\t<div class=\"elementor-element elementor-element-16a7d5ac e-con-full e-flex e-con e-child\" data-id=\"16a7d5ac\" data-element_type=\"container\" data-e-type=\"container\">\n\t\t\t\t<div class=\"elementor-element elementor-element-5a31f56b elementor-widget elementor-widget-heading\" data-id=\"5a31f56b\" data-element_type=\"widget\" data-e-type=\"widget\" data-widget_type=\"heading.default\">\n\t\t\t\t\t<h2 class=\"elementor-heading-title elementor-size-default\">Consejos del Tio Rico Mc Pato<\/h2>\t\t\t\t<\/div>\n\t\t\t\t<div class=\"elementor-element elementor-element-dbc018c elementor-list-item-link-full_width elementor-widget elementor-widget-icon-list\" data-id=\"dbc018c\" data-element_type=\"widget\" data-e-type=\"widget\" data-widget_type=\"icon-list.default\">\n\t\t\t\t\t\t\t<ul class=\"elementor-icon-list-items\">\n\t\t\t\t\t\t\t<li class=\"elementor-icon-list-item\">\n\t\t\t\t\t\t\t\t\t\t\t<span class=\"elementor-icon-list-icon\">\n\t\t\t\t\t\t\t<svg aria-hidden=\"true\" class=\"e-font-icon-svg e-fas-utensils\" viewBox=\"0 0 416 512\" xmlns=\"http:\/\/www.w3.org\/2000\/svg\"><path d=\"M207.9 15.2c.8 4.7 16.1 94.5 16.1 128.8 0 52.3-27.8 89.6-68.9 104.6L168 486.7c.7 13.7-10.2 25.3-24 25.3H80c-13.7 0-24.7-11.5-24-25.3l12.9-238.1C27.7 233.6 0 196.2 0 144 0 109.6 15.3 19.9 16.1 15.2 19.3-5.1 61.4-5.4 64 16.3v141.2c1.3 3.4 15.1 3.2 16 0 1.4-25.3 7.9-139.2 8-141.8 3.3-20.8 44.7-20.8 47.9 0 .2 2.7 6.6 116.5 8 141.8.9 3.2 14.8 3.4 16 0V16.3c2.6-21.6 44.8-21.4 48-1.1zm119.2 285.7l-15 185.1c-1.2 14 9.9 26 23.9 26h56c13.3 0 24-10.7 24-24V24c0-13.2-10.7-24-24-24-82.5 0-221.4 178.5-64.9 300.9z\"><\/path><\/svg>\t\t\t\t\t\t<\/span>\n\t\t\t\t\t\t\t\t\t\t<span class=\"elementor-icon-list-text\">En todas las tiendas y locales de Orlando encontrar\u00e1 folletos, revistas de publicidad y cuponeras. T\u00f3mese unos minutos para retirarlas y leerlas. En todas ellas encontrar\u00e1 cupones de descuentos o promociones como bebidas o postres de regalo para muchos restaurantes y bares.<\/span>\n\t\t\t\t\t\t\t\t\t<\/li>\n\t\t\t\t\t\t\t\t<li class=\"elementor-icon-list-item\">\n\t\t\t\t\t\t\t\t\t\t\t<span class=\"elementor-icon-list-icon\">\n\t\t\t\t\t\t\t<svg aria-hidden=\"true\" class=\"e-font-icon-svg e-fas-utensils\" viewBox=\"0 0 416 512\" xmlns=\"http:\/\/www.w3.org\/2000\/svg\"><path d=\"M207.9 15.2c.8 4.7 16.1 94.5 16.1 128.8 0 52.3-27.8 89.6-68.9 104.6L168 486.7c.7 13.7-10.2 25.3-24 25.3H80c-13.7 0-24.7-11.5-24-25.3l12.9-238.1C27.7 233.6 0 196.2 0 144 0 109.6 15.3 19.9 16.1 15.2 19.3-5.1 61.4-5.4 64 16.3v141.2c1.3 3.4 15.1 3.2 16 0 1.4-25.3 7.9-139.2 8-141.8 3.3-20.8 44.7-20.8 47.9 0 .2 2.7 6.6 116.5 8 141.8.9 3.2 14.8 3.4 16 0V16.3c2.6-21.6 44.8-21.4 48-1.1zm119.2 285.7l-15 185.1c-1.2 14 9.9 26 23.9 26h56c13.3 0 24-10.7 24-24V24c0-13.2-10.7-24-24-24-82.5 0-221.4 178.5-64.9 300.9z\"><\/path><\/svg>\t\t\t\t\t\t<\/span>\n\t\t\t\t\t\t\t\t\t\t<span class=\"elementor-icon-list-text\">Antes de viajar, de un peque\u00f1o paseo por internet, muchas cadenas ofrecen cupones y promociones varias. Inscribase para que le env\u00eden informaci\u00f3n de su restaurantes favoritos, le avisar\u00e1n cuando haya una oferta<\/span>\n\t\t\t\t\t\t\t\t\t<\/li>\n\t\t\t\t\t\t\t\t<li class=\"elementor-icon-list-item\">\n\t\t\t\t\t\t\t\t\t\t\t<span class=\"elementor-icon-list-icon\">\n\t\t\t\t\t\t\t<svg aria-hidden=\"true\" class=\"e-font-icon-svg e-fas-utensils\" viewBox=\"0 0 416 512\" xmlns=\"http:\/\/www.w3.org\/2000\/svg\"><path d=\"M207.9 15.2c.8 4.7 16.1 94.5 16.1 128.8 0 52.3-27.8 89.6-68.9 104.6L168 486.7c.7 13.7-10.2 25.3-24 25.3H80c-13.7 0-24.7-11.5-24-25.3l12.9-238.1C27.7 233.6 0 196.2 0 144 0 109.6 15.3 19.9 16.1 15.2 19.3-5.1 61.4-5.4 64 16.3v141.2c1.3 3.4 15.1 3.2 16 0 1.4-25.3 7.9-139.2 8-141.8 3.3-20.8 44.7-20.8 47.9 0 .2 2.7 6.6 116.5 8 141.8.9 3.2 14.8 3.4 16 0V16.3c2.6-21.6 44.8-21.4 48-1.1zm119.2 285.7l-15 185.1c-1.2 14 9.9 26 23.9 26h56c13.3 0 24-10.7 24-24V24c0-13.2-10.7-24-24-24-82.5 0-221.4 178.5-64.9 300.9z\"><\/path><\/svg>\t\t\t\t\t\t<\/span>\n\t\t\t\t\t\t\t\t\t\t<span class=\"elementor-icon-list-text\">En USA se estila mucho comer solo con agua corriente con mucho hielo (ice water). Es una opci\u00f3n muy sana y muy econ\u00f3mica, no tenga verg\u00fcenza ya que es algo habitual y los camareros se la servir\u00e1n sin problemas.<\/span>\n\t\t\t\t\t\t\t\t\t<\/li>\n\t\t\t\t\t\t<\/ul>\n\t\t\t\t\t\t<\/div>\n\t\t\t\t<\/div>\n\t\t\t\t<\/div>\n\t\t<div class=\"elementor-element elementor-element-7180f60c e-con-full e-flex e-con e-parent\" data-id=\"7180f60c\" data-element_type=\"container\" data-e-type=\"container\" data-settings=\"{&quot;background_background&quot;:&quot;gradient&quot;}\">\n\t\t\t\t<div class=\"elementor-element elementor-element-41c5cdf elementor-widget__width-initial elementor-widget-mobile__width-inherit elementor-widget-tablet__width-initial elementor-widget elementor-widget-image\" data-id=\"41c5cdf\" data-element_type=\"widget\" data-e-type=\"widget\" data-widget_type=\"image.default\">\n\t\t\t\t\t\t\t\t\t\t\t\t\t\t\t<img loading=\"lazy\" decoding=\"async\" width=\"400\" height=\"400\" src=\"https:\/\/orejotas.com\/yummy\/wp-content\/uploads\/sites\/4\/2024\/02\/yoda-recomienda.webp\" class=\"attachment-large size-large wp-image-7624\" alt=\"maestro yoda pensando\" srcset=\"https:\/\/orejotas.com\/yummy\/wp-content\/uploads\/sites\/4\/2024\/02\/yoda-recomienda.webp 400w, https:\/\/orejotas.com\/yummy\/wp-content\/uploads\/sites\/4\/2024\/02\/yoda-recomienda-300x300.webp 300w, https:\/\/orejotas.com\/yummy\/wp-content\/uploads\/sites\/4\/2024\/02\/yoda-recomienda-150x150.webp 150w\" sizes=\"(max-width: 400px) 100vw, 400px\" \/>\t\t\t\t\t\t\t\t\t\t\t\t\t\t\t<\/div>\n\t\t<div class=\"elementor-element elementor-element-6c2ed084 e-con-full e-flex e-con e-child\" data-id=\"6c2ed084\" data-element_type=\"container\" data-e-type=\"container\" data-settings=\"{&quot;background_background&quot;:&quot;classic&quot;}\">\n\t\t\t\t<div class=\"elementor-element elementor-element-503e2582 elementor-widget elementor-widget-heading\" data-id=\"503e2582\" data-element_type=\"widget\" data-e-type=\"widget\" data-widget_type=\"heading.default\">\n\t\t\t\t\t<h2 class=\"elementor-heading-title elementor-size-default\">Consejos del maestro yoda<\/h2>\t\t\t\t<\/div>\n\t\t\t\t<div class=\"elementor-element elementor-element-ca57b98 elementor-widget elementor-widget-heading\" data-id=\"ca57b98\" data-element_type=\"widget\" data-e-type=\"widget\" data-widget_type=\"heading.default\">\n\t\t\t\t\t<h2 class=\"elementor-heading-title elementor-size-default\">\u00abHerramienta muy util usar debes\u00bb<\/h2>\t\t\t\t<\/div>\n\t\t\t\t<div class=\"elementor-element elementor-element-bbe640d elementor-widget elementor-widget-heading\" data-id=\"bbe640d\" data-element_type=\"widget\" data-e-type=\"widget\" data-widget_type=\"heading.default\">\n\t\t\t\t\t<h2 class=\"elementor-heading-title elementor-size-default\">Es muy recomendable el uso del <b>Google Maps<\/b> o similares para identificar las opciones culinarias pr\u00f3ximas a su hotel o atracciones a visitar.<\/h2>\t\t\t\t<\/div>\n\t\t\t\t<div class=\"elementor-element elementor-element-21e7c25 elementor-widget elementor-widget-heading\" data-id=\"21e7c25\" data-element_type=\"widget\" data-e-type=\"widget\" data-widget_type=\"heading.default\">\n\t\t\t\t\t<h2 class=\"elementor-heading-title elementor-size-default\">Escriba la direcci\u00f3n del hotel (incluyendo c\u00f3digo postal y Ciudad) y no olvide marcar sus lugares de Inter\u00e9s, las opciones de restaurantes, caf\u00e9s, etc. <\/h2>\t\t\t\t<\/div>\n\t\t\t\t<\/div>\n\t\t\t\t<div class=\"elementor-element elementor-element-cdc9b98 elementor-widget__width-initial elementor-widget-mobile__width-initial elementor-widget elementor-widget-image\" data-id=\"cdc9b98\" data-element_type=\"widget\" data-e-type=\"widget\" data-widget_type=\"image.default\">\n\t\t\t\t\t\t\t\t\t\t\t\t\t\t\t<img loading=\"lazy\" decoding=\"async\" width=\"241\" height=\"474\" src=\"https:\/\/orejotas.com\/yummy\/wp-content\/uploads\/sites\/4\/2025\/08\/telefono-maps.webp\" class=\"attachment-large size-large wp-image-10126\" alt=\"tel\u00e9fono con mapa\" srcset=\"https:\/\/orejotas.com\/yummy\/wp-content\/uploads\/sites\/4\/2025\/08\/telefono-maps.webp 241w, https:\/\/orejotas.com\/yummy\/wp-content\/uploads\/sites\/4\/2025\/08\/telefono-maps-153x300.webp 153w\" sizes=\"(max-width: 241px) 100vw, 241px\" \/>\t\t\t\t\t\t\t\t\t\t\t\t\t\t\t<\/div>\n\t\t\t\t<\/div>\n\t\t<div class=\"elementor-element elementor-element-06b8c78 e-con-full e-flex e-con e-parent\" data-id=\"06b8c78\" data-element_type=\"container\" data-e-type=\"container\">\n\t\t\t\t<div class=\"elementor-element elementor-element-269d2314 elementor-widget__width-initial elementor-invisible elementor-widget elementor-widget-heading\" data-id=\"269d2314\" data-element_type=\"widget\" data-e-type=\"widget\" data-settings=\"{&quot;_animation&quot;:&quot;fadeIn&quot;}\" data-widget_type=\"heading.default\">\n\t\t\t\t\t<h2 class=\"elementor-heading-title elementor-size-default\">Sigue alguna dieta especial, es vegano, kosher... <br>Ud. puede comer rico y sano en todos los restaurantes Disney!<\/h2>\t\t\t\t<\/div>\n\t\t\t\t<\/div>\n\t\t<div class=\"elementor-element elementor-element-aa68eeb e-con-full e-flex e-con e-parent\" data-id=\"aa68eeb\" data-element_type=\"container\" data-e-type=\"container\" data-settings=\"{&quot;background_background&quot;:&quot;classic&quot;,&quot;shape_divider_top&quot;:&quot;curve-asymmetrical&quot;,&quot;shape_divider_bottom&quot;:&quot;curve-asymmetrical&quot;,&quot;shape_divider_bottom_negative&quot;:&quot;yes&quot;}\">\n\t\t\t\t<div class=\"elementor-shape elementor-shape-top\" aria-hidden=\"true\" data-negative=\"false\">\n\t\t\t<svg xmlns=\"http:\/\/www.w3.org\/2000\/svg\" viewBox=\"0 0 1000 100\" preserveAspectRatio=\"none\">\n\t<path class=\"elementor-shape-fill\" d=\"M0,0c0,0,0,6,0,6.7c0,18,240.2,93.6,615.2,92.6C989.8,98.5,1000,25,1000,6.7c0-0.7,0-6.7,0-6.7H0z\"\/>\n<\/svg>\t\t<\/div>\n\t\t\t\t<div class=\"elementor-shape elementor-shape-bottom\" aria-hidden=\"true\" data-negative=\"true\">\n\t\t\t<svg xmlns=\"http:\/\/www.w3.org\/2000\/svg\" viewBox=\"0 0 1000 100\" preserveAspectRatio=\"none\">\n\t<path class=\"elementor-shape-fill\" d=\"M615.2,96.7C240.2,97.8,0,18.9,0,0v100h1000V0C1000,19.2,989.8,96,615.2,96.7z\"\/>\n<\/svg>\t\t<\/div>\n\t\t\t\t<div class=\"elementor-element elementor-element-ccc9699 elementor-widget__width-initial elementor-widget-mobile__width-initial elementor-widget-tablet__width-initial elementor-widget elementor-widget-image\" data-id=\"ccc9699\" data-element_type=\"widget\" data-e-type=\"widget\" data-widget_type=\"image.default\">\n\t\t\t\t\t\t\t\t\t\t\t\t\t\t\t<img loading=\"lazy\" decoding=\"async\" width=\"800\" height=\"426\" src=\"https:\/\/orejotas.com\/yummy\/wp-content\/uploads\/sites\/4\/2025\/05\/comidas-especiales3-1024x545.webp\" class=\"attachment-large size-large wp-image-9366\" alt=\"\" srcset=\"https:\/\/orejotas.com\/yummy\/wp-content\/uploads\/sites\/4\/2025\/05\/comidas-especiales3-1024x545.webp 1024w, https:\/\/orejotas.com\/yummy\/wp-content\/uploads\/sites\/4\/2025\/05\/comidas-especiales3-300x160.webp 300w, https:\/\/orejotas.com\/yummy\/wp-content\/uploads\/sites\/4\/2025\/05\/comidas-especiales3-768x409.webp 768w, https:\/\/orejotas.com\/yummy\/wp-content\/uploads\/sites\/4\/2025\/05\/comidas-especiales3.webp 1246w\" sizes=\"(max-width: 800px) 100vw, 800px\" \/>\t\t\t\t\t\t\t\t\t\t\t\t\t\t\t<\/div>\n\t\t\t\t<div class=\"elementor-element elementor-element-1480c0e elementor-widget__width-initial elementor-widget-tablet__width-initial elementor-widget-mobile__width-initial elementor-widget elementor-widget-image\" data-id=\"1480c0e\" data-element_type=\"widget\" data-e-type=\"widget\" data-widget_type=\"image.default\">\n\t\t\t\t\t\t\t\t\t\t\t\t\t\t\t\t<a href=\"\">\n\t\t\t\t\t\t\t<img loading=\"lazy\" decoding=\"async\" width=\"406\" height=\"406\" src=\"https:\/\/orejotas.com\/yummy\/wp-content\/uploads\/sites\/4\/2025\/05\/logo-orlando-para-todos.webp\" class=\"attachment-large size-large wp-image-9367\" alt=\"\" srcset=\"https:\/\/orejotas.com\/yummy\/wp-content\/uploads\/sites\/4\/2025\/05\/logo-orlando-para-todos.webp 406w, https:\/\/orejotas.com\/yummy\/wp-content\/uploads\/sites\/4\/2025\/05\/logo-orlando-para-todos-300x300.webp 300w, https:\/\/orejotas.com\/yummy\/wp-content\/uploads\/sites\/4\/2025\/05\/logo-orlando-para-todos-150x150.webp 150w\" sizes=\"(max-width: 406px) 100vw, 406px\" \/>\t\t\t\t\t\t\t\t<\/a>\n\t\t\t\t\t\t\t\t\t\t\t\t\t\t\t<\/div>\n\t\t\t\t<\/div>\n\t\t\t\t<\/div>\n\t\t","protected":false},"excerpt":{"rendered":"<p>Restaurantes en ORLANDO Informaci\u00f3n detallada de sus locales, ubicaci\u00f3n, men\u00fas con fotos reales y precios Disfrutar de la comida es parte importante de nuestras vacaciones Orlando es uno de los mayores centros tur\u00edsticos del mundo y como tal, las opciones gastron\u00f3micas son much\u00edsimas! Restaurantes y bares de todo tipo y calidad para todo los gustos [&hellip;]<\/p>\n","protected":false},"author":1,"featured_media":0,"parent":0,"menu_order":0,"comment_status":"closed","ping_status":"closed","template":"elementor_header_footer","meta":{"_monsterinsights_skip_tracking":false,"_monsterinsights_sitenote_active":false,"_monsterinsights_sitenote_note":"","_monsterinsights_sitenote_category":0,"footnotes":""},"class_list":["post-5770","page","type-page","status-publish","hentry"],"aioseo_notices":[],"_links":{"self":[{"href":"https:\/\/orejotas.com\/yummy\/wp-json\/wp\/v2\/pages\/5770","targetHints":{"allow":["GET"]}}],"collection":[{"href":"https:\/\/orejotas.com\/yummy\/wp-json\/wp\/v2\/pages"}],"about":[{"href":"https:\/\/orejotas.com\/yummy\/wp-json\/wp\/v2\/types\/page"}],"author":[{"embeddable":true,"href":"https:\/\/orejotas.com\/yummy\/wp-json\/wp\/v2\/users\/1"}],"replies":[{"embeddable":true,"href":"https:\/\/orejotas.com\/yummy\/wp-json\/wp\/v2\/comments?post=5770"}],"version-history":[{"count":40,"href":"https:\/\/orejotas.com\/yummy\/wp-json\/wp\/v2\/pages\/5770\/revisions"}],"predecessor-version":[{"id":10940,"href":"https:\/\/orejotas.com\/yummy\/wp-json\/wp\/v2\/pages\/5770\/revisions\/10940"}],"wp:attachment":[{"href":"https:\/\/orejotas.com\/yummy\/wp-json\/wp\/v2\/media?parent=5770"}],"curies":[{"name":"wp","href":"https:\/\/api.w.org\/{rel}","templated":true}]}}